{"id":13687,"date":"2014-03-25T10:53:32","date_gmt":"2014-03-25T10:53:32","guid":{"rendered":"http:\/\/demo.qodeinteractive.com\/bridge\/?page_id=13687"},"modified":"2014-03-25T10:53:32","modified_gmt":"2014-03-25T10:53:32","slug":"latest-posts-boxes","status":"publish","type":"page","link":"https:\/\/ergopolis.fr\/index.php\/latest-posts-boxes\/","title":{"rendered":"Latest Posts Boxes"},"content":{"rendered":"<p>[vc_row row_type=\u00a0\u00bbrow\u00a0\u00bb type=\u00a0\u00bbgrid\u00a0\u00bb text_align=\u00a0\u00bbleft\u00a0\u00bb padding_top=\u00a0\u00bb87&Prime; padding_bottom=\u00a0\u00bb30&Prime;][vc_column width=\u00a0\u00bb1\/1&Prime;][vc_column_text]<\/p>\n<h2 style=\"text-align: center;\">Latest Posts Shortcode<\/h2>\n<p>[\/vc_column_text][vc_separator type=\u00a0\u00bbsmall\u00a0\u00bb position=\u00a0\u00bbcenter\u00a0\u00bb down=\u00a0\u00bb38&Prime; up=\u00a0\u00bb7&Prime;][vc_column_text]<\/p>\n<h4 style=\"text-align: center;\">Carefully crafted elements come together into one amazing design.<\/h4>\n<p>[\/vc_column_text][vc_separator type=\u00a0\u00bbtransparent\u00a0\u00bb position=\u00a0\u00bbcenter\u00a0\u00bb up=\u00a0\u00bb62&Prime; down=\u00a0\u00bb15&Prime;][vc_row_inner][vc_column_inner width=\u00a0\u00bb1\/1&Prime;]<div class='latest_post_holder boxes four_columns one_row'><ul><li class=\"clearfix\"><div class=\"boxes_image\"><a href=\"https:\/\/ergopolis.fr\/index.php\/2020\/02\/21\/puissance4\/\"><\/a><\/div><div class=\"latest_post\"><div class=\"latest_post_text\"><div class=\"latest_post_inner\"><div class=\"latest_post_text_inner\"><h5 class=\"latest_post_title \"><a href=\"https:\/\/ergopolis.fr\/index.php\/2020\/02\/21\/puissance4\/\">Puissance4 , approche innovante de benchmarking collaboratif<\/a><\/h5><p class=\"excerpt\">Puissance 4 (Partage de Pratiques et de Probl\u00e9matiques Professionnelles) est un service de benchmarking collaboratif cr\u00e9...<\/p><span class=\"post_infos\"><span class=\"date_hour_holder\"><span class=\"date\">21 f\u00e9vrier, 2020<\/span><\/span><span class=\"dots\"><i class=\"fa fa-square\"><\/i><\/span><a class=\"post_comments\" href=\"https:\/\/ergopolis.fr\/index.php\/2020\/02\/21\/puissance4\/#respond\">No comment<\/a><\/span><\/div><\/div><\/div><\/div><li class=\"clearfix\"><div class=\"boxes_image\"><a href=\"https:\/\/ergopolis.fr\/index.php\/2017\/08\/31\/le-recrutement-une-action-organisationnelle-et-si-nous-tentions-cette-aventure-ensemble\/\"><\/a><\/div><div class=\"latest_post\"><div class=\"latest_post_text\"><div class=\"latest_post_inner\"><div class=\"latest_post_text_inner\"><h5 class=\"latest_post_title \"><a href=\"https:\/\/ergopolis.fr\/index.php\/2017\/08\/31\/le-recrutement-une-action-organisationnelle-et-si-nous-tentions-cette-aventure-ensemble\/\">Le recrutement: une action organisationnelle &#8230; et si nous tentions cette aventure ensemble?<\/a><\/h5><p class=\"excerpt\">Le recrutement et l\u2019am\u00e9lioration des organisations de travail \u2026 deux d\u00e9marches bien souvent port\u00e9es par des acteurs diff...<\/p><span class=\"post_infos\"><span class=\"date_hour_holder\"><span class=\"date\">31 ao\u00fbt, 2017<\/span><\/span><span class=\"dots\"><i class=\"fa fa-square\"><\/i><\/span><a class=\"post_comments\" href=\"https:\/\/ergopolis.fr\/index.php\/2017\/08\/31\/le-recrutement-une-action-organisationnelle-et-si-nous-tentions-cette-aventure-ensemble\/#respond\">No comment<\/a><\/span><\/div><\/div><\/div><\/div><li class=\"clearfix\"><div class=\"boxes_image\"><a href=\"https:\/\/ergopolis.fr\/index.php\/2016\/12\/01\/document-unique\/\"><\/a><\/div><div class=\"latest_post\"><div class=\"latest_post_text\"><div class=\"latest_post_inner\"><div class=\"latest_post_text_inner\"><h5 class=\"latest_post_title \"><a href=\"https:\/\/ergopolis.fr\/index.php\/2016\/12\/01\/document-unique\/\">Le Document Unique: une obligation l\u00e9gale, une opportunit\u00e9 manag\u00e9riale<\/a><\/h5><p class=\"excerpt\">Le Document Unique (DU) est un support qui recense l\u2019ensemble des risques auxquels les salari\u00e9s sont expos\u00e9s dans l\u2019exer...<\/p><span class=\"post_infos\"><span class=\"date_hour_holder\"><span class=\"date\">01 d\u00e9cembre, 2016<\/span><\/span><span class=\"dots\"><i class=\"fa fa-square\"><\/i><\/span><a class=\"post_comments\" href=\"https:\/\/ergopolis.fr\/index.php\/2016\/12\/01\/document-unique\/#respond\">No comment<\/a><\/span><\/div><\/div><\/div><\/div><\/ul><\/div>[vc_separator type=\u00a0\u00bbtransparent\u00a0\u00bb position=\u00a0\u00bbcenter\u00a0\u00bb up=\u00a0\u00bb52&Prime; down=\u00a0\u00bb0&Prime;]<div class='latest_post_holder boxes three_columns one_row'><ul><li class=\"clearfix\"><div class=\"boxes_image\"><a href=\"https:\/\/ergopolis.fr\/index.php\/2016\/12\/01\/document-unique\/\"><\/a><\/div><div class=\"latest_post\"><div class=\"latest_post_text\"><div class=\"latest_post_inner\"><div class=\"latest_post_text_inner\"><h5 class=\"latest_post_title \"><a href=\"https:\/\/ergopolis.fr\/index.php\/2016\/12\/01\/document-unique\/\">Le Document Unique: une obligation l\u00e9gale, une opportunit\u00e9 manag\u00e9riale<\/a><\/h5><p class=\"excerpt\">Le Document Unique (DU) est un support qui recense l\u2019ensemble des risques auxquels les salari\u00e9s sont expos\u00e9s dans l\u2019exercice de leur activit\u00e9 professionnelle. Celui-ci vise \u00e0 d\u00e9tecter toutes les sources potentielles de risques, afin de les ma\u00eetriser au mieux e...<\/p><span class=\"post_infos\"><span class=\"date_hour_holder\"><span class=\"date\">01 d\u00e9cembre, 2016<\/span><\/span><span class=\"dots\"><i class=\"fa fa-square\"><\/i><\/span><a class=\"post_comments\" href=\"https:\/\/ergopolis.fr\/index.php\/2016\/12\/01\/document-unique\/#respond\">No comment<\/a><\/span><\/div><\/div><\/div><\/div><li class=\"clearfix\"><div class=\"boxes_image\"><a href=\"https:\/\/ergopolis.fr\/index.php\/2017\/08\/31\/le-recrutement-une-action-organisationnelle-et-si-nous-tentions-cette-aventure-ensemble\/\"><\/a><\/div><div class=\"latest_post\"><div class=\"latest_post_text\"><div class=\"latest_post_inner\"><div class=\"latest_post_text_inner\"><h5 class=\"latest_post_title \"><a href=\"https:\/\/ergopolis.fr\/index.php\/2017\/08\/31\/le-recrutement-une-action-organisationnelle-et-si-nous-tentions-cette-aventure-ensemble\/\">Le recrutement: une action organisationnelle &#8230; et si nous tentions cette aventure ensemble?<\/a><\/h5><p class=\"excerpt\">Le recrutement et l\u2019am\u00e9lioration des organisations de travail \u2026 deux d\u00e9marches bien souvent port\u00e9es par des acteurs diff\u00e9rents, et pourtant, ces deux objectifs sont intimement li\u00e9s. Un recrutement r\u00e9ussi ne se r\u00e9sume pas \u00e0 la volont\u00e9 de trouver \u00ab une bonne per...<\/p><span class=\"post_infos\"><span class=\"date_hour_holder\"><span class=\"date\">31 ao\u00fbt, 2017<\/span><\/span><span class=\"dots\"><i class=\"fa fa-square\"><\/i><\/span><a class=\"post_comments\" href=\"https:\/\/ergopolis.fr\/index.php\/2017\/08\/31\/le-recrutement-une-action-organisationnelle-et-si-nous-tentions-cette-aventure-ensemble\/#respond\">No comment<\/a><\/span><\/div><\/div><\/div><\/div><li class=\"clearfix\"><div class=\"boxes_image\"><a href=\"https:\/\/ergopolis.fr\/index.php\/2020\/02\/21\/puissance4\/\"><\/a><\/div><div class=\"latest_post\"><div class=\"latest_post_text\"><div class=\"latest_post_inner\"><div class=\"latest_post_text_inner\"><h5 class=\"latest_post_title \"><a href=\"https:\/\/ergopolis.fr\/index.php\/2020\/02\/21\/puissance4\/\">Puissance4 , approche innovante de benchmarking collaboratif<\/a><\/h5><p class=\"excerpt\">Puissance 4 (Partage de Pratiques et de Probl\u00e9matiques Professionnelles) est un service de benchmarking collaboratif cr\u00e9\u00e9 par Ergopolis, visant \u00e0 am\u00e9liorer la gestion des structures professionnelles. \u00c0 la fois accessible, simple et innovant, ce nouveau service...<\/p><span class=\"post_infos\"><span class=\"date_hour_holder\"><span class=\"date\">21 f\u00e9vrier, 2020<\/span><\/span><span class=\"dots\"><i class=\"fa fa-square\"><\/i><\/span><a class=\"post_comments\" href=\"https:\/\/ergopolis.fr\/index.php\/2020\/02\/21\/puissance4\/#respond\">No comment<\/a><\/span><\/div><\/div><\/div><\/div><\/ul><\/div>[vc_separator type=\u00a0\u00bbtransparent\u00a0\u00bb position=\u00a0\u00bbcenter\u00a0\u00bb up=\u00a0\u00bb56&Prime; down=\u00a0\u00bb0&Prime;][\/vc_column_inner][\/vc_row_inner][\/vc_column][\/vc_row]<\/p>\n","protected":false},"excerpt":{"rendered":"<p>[vc_row row_type=\u00a0\u00bbrow\u00a0\u00bb type=\u00a0\u00bbgrid\u00a0\u00bb text_align=\u00a0\u00bbleft\u00a0\u00bb padding_top=\u00a0\u00bb87&Prime; padding_bottom=\u00a0\u00bb30&Prime;][vc_column width=\u00a0\u00bb1\/1&Prime;][vc_column_text] Latest Posts Shortcode [\/vc_column_text][vc_separator type=\u00a0\u00bbsmall\u00a0\u00bb position=\u00a0\u00bbcenter\u00a0\u00bb down=\u00a0\u00bb38&Prime; up=\u00a0\u00bb7&Prime;][vc_column_text] Carefully crafted elements come together into one amazing design. [\/vc_column_text][vc_separator type=\u00a0\u00bbtransparent\u00a0\u00bb position=\u00a0\u00bbcenter\u00a0\u00bb up=\u00a0\u00bb62&Prime; down=\u00a0\u00bb15&Prime;][vc_row_inner][vc_column_inner width=\u00a0\u00bb1\/1&Prime;][vc_separator type=\u00a0\u00bbtransparent\u00a0\u00bb position=\u00a0\u00bbcenter\u00a0\u00bb up=\u00a0\u00bb52&Prime; down=\u00a0\u00bb0&Prime;][vc_separator type=\u00a0\u00bbtransparent\u00a0\u00bb position=\u00a0\u00bbcenter\u00a0\u00bb up=\u00a0\u00bb56&Prime; down=\u00a0\u00bb0&Prime;][\/vc_column_inner][\/vc_row_inner][\/vc_column][\/vc_row]<\/p>\n","protected":false},"author":1,"featured_media":0,"parent":0,"menu_order":0,"comment_status":"open","ping_status":"open","template":"full_width.php","meta":[],"_links":{"self":[{"href":"https:\/\/ergopolis.fr\/index.php\/wp-json\/wp\/v2\/pages\/13687"}],"collection":[{"href":"https:\/\/ergopolis.fr\/index.php\/wp-json\/wp\/v2\/pages"}],"about":[{"href":"https:\/\/ergopolis.fr\/index.php\/wp-json\/wp\/v2\/types\/page"}],"author":[{"embeddable":true,"href":"https:\/\/ergopolis.fr\/index.php\/wp-json\/wp\/v2\/users\/1"}],"replies":[{"embeddable":true,"href":"https:\/\/ergopolis.fr\/index.php\/wp-json\/wp\/v2\/comments?post=13687"}],"version-history":[{"count":0,"href":"https:\/\/ergopolis.fr\/index.php\/wp-json\/wp\/v2\/pages\/13687\/revisions"}],"wp:attachment":[{"href":"https:\/\/ergopolis.fr\/index.php\/wp-json\/wp\/v2\/media?parent=13687"}],"curies":[{"name":"wp","href":"https:\/\/api.w.org\/{rel}","templated":true}]}}