{"id":13708,"date":"2014-03-25T11:23:18","date_gmt":"2014-03-25T11:23:18","guid":{"rendered":"http:\/\/demo.qodeinteractive.com\/bridge\/?page_id=13708"},"modified":"2014-03-25T11:23:18","modified_gmt":"2014-03-25T11:23:18","slug":"latest-posts-small-image","status":"publish","type":"page","link":"https:\/\/ergopolis.fr\/index.php\/latest-posts-small-image\/","title":{"rendered":"Latest Posts Small Image"},"content":{"rendered":"<p>[vc_row row_type=\u00a0\u00bbrow\u00a0\u00bb type=\u00a0\u00bbgrid\u00a0\u00bb text_align=\u00a0\u00bbleft\u00a0\u00bb padding_top=\u00a0\u00bb87&Prime; padding_bottom=\u00a0\u00bb30&Prime; background_color=\u00a0\u00bb#ffffff\u00a0\u00bb][vc_column width=\u00a0\u00bb1\/1&Prime;][vc_column_text]<\/p>\n<h2 style=\"text-align: center;\">Latest Posts Shortcode<\/h2>\n<p>[\/vc_column_text][vc_separator type=\u00a0\u00bbsmall\u00a0\u00bb position=\u00a0\u00bbcenter\u00a0\u00bb down=\u00a0\u00bb38&Prime; up=\u00a0\u00bb7&Prime;][vc_column_text]<\/p>\n<h4 style=\"text-align: center;\">Carefully crafted elements come together into one amazing design.<\/h4>\n<p>[\/vc_column_text][vc_separator type=\u00a0\u00bbtransparent\u00a0\u00bb position=\u00a0\u00bbcenter\u00a0\u00bb up=\u00a0\u00bb62&Prime; down=\u00a0\u00bb15&Prime;][vc_row_inner][vc_column_inner width=\u00a0\u00bb1\/2&Prime;]<div class='latest_post_holder image_in_box  '><ul><li class=\"clearfix\"><div class=\"latest_post\"><div class=\"latest_post_image clearfix\"><img src=\"\" alt=\"\" \/><\/div><div class=\"latest_post_text\"><div class=\"latest_post_inner\"><div class=\"latest_post_text_inner\"><h5 class=\"latest_post_title \"><a href=\"https:\/\/ergopolis.fr\/index.php\/2020\/02\/21\/puissance4\/\">Puissance4 , approche innovante de benchmarking collaboratif<\/a><\/h5><p class=\"excerpt\">Puissance 4 (Partage de Pratiques et de Probl\u00e9matiques Professionnelles) est un service de benchmarking collaboratif cr\u00e9...<\/p><span class=\"post_infos\"><span class=\"date_hour_holder\"><span class=\"date\">21 f\u00e9vrier, 2020<\/span><\/span><span class=\"dots\"><i class=\"fa fa-square\"><\/i><\/span><a class=\"post_comments\" href=\"https:\/\/ergopolis.fr\/index.php\/2020\/02\/21\/puissance4\/#respond\">No comment<\/a><\/span><\/div><\/div><\/div><\/div><li class=\"clearfix\"><div class=\"latest_post\"><div class=\"latest_post_image clearfix\"><img src=\"\" alt=\"\" \/><\/div><div class=\"latest_post_text\"><div class=\"latest_post_inner\"><div class=\"latest_post_text_inner\"><h5 class=\"latest_post_title \"><a href=\"https:\/\/ergopolis.fr\/index.php\/2017\/08\/31\/le-recrutement-une-action-organisationnelle-et-si-nous-tentions-cette-aventure-ensemble\/\">Le recrutement: une action organisationnelle &#8230; et si nous tentions cette aventure ensemble?<\/a><\/h5><p class=\"excerpt\">Le recrutement et l\u2019am\u00e9lioration des organisations de travail \u2026 deux d\u00e9marches bien souvent port\u00e9es par des acteurs diff...<\/p><span class=\"post_infos\"><span class=\"date_hour_holder\"><span class=\"date\">31 ao\u00fbt, 2017<\/span><\/span><span class=\"dots\"><i class=\"fa fa-square\"><\/i><\/span><a class=\"post_comments\" href=\"https:\/\/ergopolis.fr\/index.php\/2017\/08\/31\/le-recrutement-une-action-organisationnelle-et-si-nous-tentions-cette-aventure-ensemble\/#respond\">No comment<\/a><\/span><\/div><\/div><\/div><\/div><li class=\"clearfix\"><div class=\"latest_post\"><div class=\"latest_post_image clearfix\"><img src=\"\" alt=\"\" \/><\/div><div class=\"latest_post_text\"><div class=\"latest_post_inner\"><div class=\"latest_post_text_inner\"><h5 class=\"latest_post_title \"><a href=\"https:\/\/ergopolis.fr\/index.php\/2016\/12\/01\/document-unique\/\">Le Document Unique: une obligation l\u00e9gale, une opportunit\u00e9 manag\u00e9riale<\/a><\/h5><p class=\"excerpt\">Le Document Unique (DU) est un support qui recense l\u2019ensemble des risques auxquels les salari\u00e9s sont expos\u00e9s dans l\u2019exer...<\/p><span class=\"post_infos\"><span class=\"date_hour_holder\"><span class=\"date\">01 d\u00e9cembre, 2016<\/span><\/span><span class=\"dots\"><i class=\"fa fa-square\"><\/i><\/span><a class=\"post_comments\" href=\"https:\/\/ergopolis.fr\/index.php\/2016\/12\/01\/document-unique\/#respond\">No comment<\/a><\/span><\/div><\/div><\/div><\/div><\/ul><\/div>[vc_separator type=\u00a0\u00bbtransparent\u00a0\u00bb position=\u00a0\u00bbcenter\u00a0\u00bb up=\u00a0\u00bb52&Prime; down=\u00a0\u00bb0&Prime;][\/vc_column_inner][vc_column_inner width=\u00a0\u00bb1\/2&Prime;]<div class='latest_post_holder image_in_box  '><ul><li class=\"clearfix\"><div class=\"latest_post\"><div class=\"latest_post_image clearfix\"><img src=\"\" alt=\"\" \/><\/div><div class=\"latest_post_text\"><div class=\"latest_post_inner\"><div class=\"latest_post_text_inner\"><h5 class=\"latest_post_title \"><a href=\"https:\/\/ergopolis.fr\/index.php\/2016\/12\/01\/document-unique\/\">Le Document Unique: une obligation l\u00e9gale, une opportunit\u00e9 manag\u00e9riale<\/a><\/h5><p class=\"excerpt\">Le Document Unique (DU) est un support qui recense l\u2019ensemble des risques auxquels les salari\u00e9s sont expos\u00e9s dans l\u2019exer...<\/p><span class=\"post_infos\"><span class=\"date_hour_holder\"><span class=\"date\">01 d\u00e9cembre, 2016<\/span><\/span><span class=\"dots\"><i class=\"fa fa-square\"><\/i><\/span><a class=\"post_comments\" href=\"https:\/\/ergopolis.fr\/index.php\/2016\/12\/01\/document-unique\/#respond\">No comment<\/a><\/span><\/div><\/div><\/div><\/div><li class=\"clearfix\"><div class=\"latest_post\"><div class=\"latest_post_image clearfix\"><img src=\"\" alt=\"\" \/><\/div><div class=\"latest_post_text\"><div class=\"latest_post_inner\"><div class=\"latest_post_text_inner\"><h5 class=\"latest_post_title \"><a href=\"https:\/\/ergopolis.fr\/index.php\/2017\/08\/31\/le-recrutement-une-action-organisationnelle-et-si-nous-tentions-cette-aventure-ensemble\/\">Le recrutement: une action organisationnelle &#8230; et si nous tentions cette aventure ensemble?<\/a><\/h5><p class=\"excerpt\">Le recrutement et l\u2019am\u00e9lioration des organisations de travail \u2026 deux d\u00e9marches bien souvent port\u00e9es par des acteurs diff...<\/p><span class=\"post_infos\"><span class=\"date_hour_holder\"><span class=\"date\">31 ao\u00fbt, 2017<\/span><\/span><span class=\"dots\"><i class=\"fa fa-square\"><\/i><\/span><a class=\"post_comments\" href=\"https:\/\/ergopolis.fr\/index.php\/2017\/08\/31\/le-recrutement-une-action-organisationnelle-et-si-nous-tentions-cette-aventure-ensemble\/#respond\">No comment<\/a><\/span><\/div><\/div><\/div><\/div><li class=\"clearfix\"><div class=\"latest_post\"><div class=\"latest_post_image clearfix\"><img src=\"\" alt=\"\" \/><\/div><div class=\"latest_post_text\"><div class=\"latest_post_inner\"><div class=\"latest_post_text_inner\"><h5 class=\"latest_post_title \"><a href=\"https:\/\/ergopolis.fr\/index.php\/2020\/02\/21\/puissance4\/\">Puissance4 , approche innovante de benchmarking collaboratif<\/a><\/h5><p class=\"excerpt\">Puissance 4 (Partage de Pratiques et de Probl\u00e9matiques Professionnelles) est un service de benchmarking collaboratif cr\u00e9...<\/p><span class=\"post_infos\"><span class=\"date_hour_holder\"><span class=\"date\">21 f\u00e9vrier, 2020<\/span><\/span><span class=\"dots\"><i class=\"fa fa-square\"><\/i><\/span><a class=\"post_comments\" href=\"https:\/\/ergopolis.fr\/index.php\/2020\/02\/21\/puissance4\/#respond\">No comment<\/a><\/span><\/div><\/div><\/div><\/div><\/ul><\/div>[vc_separator type=\u00a0\u00bbtransparent\u00a0\u00bb position=\u00a0\u00bbcenter\u00a0\u00bb up=\u00a0\u00bb52&Prime; down=\u00a0\u00bb0&Prime;][\/vc_column_inner][\/vc_row_inner][\/vc_column][\/vc_row]<\/p>\n","protected":false},"excerpt":{"rendered":"<p>[vc_row row_type=\u00a0\u00bbrow\u00a0\u00bb type=\u00a0\u00bbgrid\u00a0\u00bb text_align=\u00a0\u00bbleft\u00a0\u00bb padding_top=\u00a0\u00bb87&Prime; padding_bottom=\u00a0\u00bb30&Prime; background_color=\u00a0\u00bb#ffffff\u00a0\u00bb][vc_column width=\u00a0\u00bb1\/1&Prime;][vc_column_text] Latest Posts Shortcode [\/vc_column_text][vc_separator type=\u00a0\u00bbsmall\u00a0\u00bb position=\u00a0\u00bbcenter\u00a0\u00bb down=\u00a0\u00bb38&Prime; up=\u00a0\u00bb7&Prime;][vc_column_text] Carefully crafted elements come together into one amazing design. [\/vc_column_text][vc_separator type=\u00a0\u00bbtransparent\u00a0\u00bb position=\u00a0\u00bbcenter\u00a0\u00bb up=\u00a0\u00bb62&Prime; down=\u00a0\u00bb15&Prime;][vc_row_inner][vc_column_inner width=\u00a0\u00bb1\/2&Prime;][vc_separator type=\u00a0\u00bbtransparent\u00a0\u00bb position=\u00a0\u00bbcenter\u00a0\u00bb up=\u00a0\u00bb52&Prime; down=\u00a0\u00bb0&Prime;][\/vc_column_inner][vc_column_inner width=\u00a0\u00bb1\/2&Prime;][vc_separator type=\u00a0\u00bbtransparent\u00a0\u00bb position=\u00a0\u00bbcenter\u00a0\u00bb up=\u00a0\u00bb52&Prime; down=\u00a0\u00bb0&Prime;][\/vc_column_inner][\/vc_row_inner][\/vc_column][\/vc_row]<\/p>\n","protected":false},"author":1,"featured_media":0,"parent":0,"menu_order":0,"comment_status":"open","ping_status":"open","template":"full_width.php","meta":[],"_links":{"self":[{"href":"https:\/\/ergopolis.fr\/index.php\/wp-json\/wp\/v2\/pages\/13708"}],"collection":[{"href":"https:\/\/ergopolis.fr\/index.php\/wp-json\/wp\/v2\/pages"}],"about":[{"href":"https:\/\/ergopolis.fr\/index.php\/wp-json\/wp\/v2\/types\/page"}],"author":[{"embeddable":true,"href":"https:\/\/ergopolis.fr\/index.php\/wp-json\/wp\/v2\/users\/1"}],"replies":[{"embeddable":true,"href":"https:\/\/ergopolis.fr\/index.php\/wp-json\/wp\/v2\/comments?post=13708"}],"version-history":[{"count":0,"href":"https:\/\/ergopolis.fr\/index.php\/wp-json\/wp\/v2\/pages\/13708\/revisions"}],"wp:attachment":[{"href":"https:\/\/ergopolis.fr\/index.php\/wp-json\/wp\/v2\/media?parent=13708"}],"curies":[{"name":"wp","href":"https:\/\/api.w.org\/{rel}","templated":true}]}}