{"id":14468,"date":"2014-03-28T10:11:36","date_gmt":"2014-03-28T10:11:36","guid":{"rendered":"http:\/\/demo.qodeinteractive.com\/bridge\/?page_id=14468"},"modified":"2020-02-21T07:07:01","modified_gmt":"2020-02-21T06:07:01","slug":"home","status":"publish","type":"page","link":"https:\/\/ergopolis.fr\/","title":{"rendered":"accueil"},"content":{"rendered":"<p>[vc_row row_type=\u00a0\u00bbrow\u00a0\u00bb use_row_as_full_screen_section=\u00a0\u00bbno\u00a0\u00bb type=\u00a0\u00bbgrid\u00a0\u00bb angled_section=\u00a0\u00bbno\u00a0\u00bb text_align=\u00a0\u00bbleft\u00a0\u00bb background_image_as_pattern=\u00a0\u00bbwithout_pattern\u00a0\u00bb background_color=\u00a0\u00bb#ffffff\u00a0\u00bb padding_top=\u00a0\u00bb40&Prime; padding_bottom=\u00a0\u00bb20&Prime; css_animation=\u00a0\u00bb\u00a0\u00bb][vc_column][vc_column_text]<\/p>\n<h2 style=\"text-align: center;\">Bienvenue \u00e0<\/h2>\n<p><img loading=\"lazy\" class=\"aligncenter size-medium wp-image-14910\" src=\"http:\/\/ergopolis.fr\/wp-content\/uploads\/2016\/03\/logotr-300x134.png\" alt=\"logotr\" width=\"300\" height=\"134\" srcset=\"https:\/\/ergopolis.fr\/wp-content\/uploads\/2016\/03\/logotr-300x134.png 300w, https:\/\/ergopolis.fr\/wp-content\/uploads\/2016\/03\/logotr-768x344.png 768w, https:\/\/ergopolis.fr\/wp-content\/uploads\/2016\/03\/logotr-1024x459.png 1024w, https:\/\/ergopolis.fr\/wp-content\/uploads\/2016\/03\/logotr-700x314.png 700w\" sizes=\"(max-width: 300px) 100vw, 300px\" \/><\/p>\n<p>&nbsp;<\/p>\n<div id=\"fb-root\"><\/div>\n<p><script>(function(d, s, id) {\n  var js, fjs = d.getElementsByTagName(s)[0];\n  if (d.getElementById(id)) return;\n  js = d.createElement(s); js.id = id;\n  js.src = \"\/\/connect.facebook.net\/fr_FR\/sdk.js#xfbml=1&version=v2.8\";\n  fjs.parentNode.insertBefore(js, fjs);\n}(document, 'script', 'facebook-jssdk'));<\/script><\/p>\n<p>[\/vc_column_text][vc_separator type=\u00a0\u00bbsmall\u00a0\u00bb position=\u00a0\u00bbcenter\u00a0\u00bb up=\u00a0\u00bb7&Prime; down=\u00a0\u00bb20&Prime;][vc_column_text]<\/p>\n<h2 style=\"text-align: center;\">Optimisation des organisations de travail<\/h2>\n<h2 style=\"text-align: center;\">Pr\u00e9vention des risques professionnels<\/h2>\n<h2 style=\"text-align: center;\">Valorisation des Ressources Humaines<\/h2>\n<p>&nbsp;<\/p>\n<p>[\/vc_column_text][vc_separator type=\u00a0\u00bbtransparent\u00a0\u00bb up=\u00a0\u00bb35&Prime; down=\u00a0\u00bb22&Prime;][vc_single_image image=\u00a0\u00bb14351&Prime; img_size=\u00a0\u00bbfull\u00a0\u00bb alignment=\u00a0\u00bbcenter\u00a0\u00bb qode_css_animation=\u00a0\u00bbelement_from_bottom\u00a0\u00bb transition_delay=\u00a0\u00bb0.3&Prime;][vc_separator type=\u00a0\u00bbtransparent\u00a0\u00bb up=\u00a0\u00bb-35&Prime; down=\u00a0\u00bb0&Prime;][\/vc_column][\/vc_row][vc_row row_type=\u00a0\u00bbrow\u00a0\u00bb use_row_as_full_screen_section=\u00a0\u00bbno\u00a0\u00bb type=\u00a0\u00bbgrid\u00a0\u00bb anchor=\u00a0\u00bbportfolio\u00a0\u00bb angled_section=\u00a0\u00bbno\u00a0\u00bb text_align=\u00a0\u00bbleft\u00a0\u00bb background_image_as_pattern=\u00a0\u00bbwithout_pattern\u00a0\u00bb padding_top=\u00a0\u00bb52&Prime; padding_bottom=\u00a0\u00bb0&Prime; css_animation=\u00a0\u00bb\u00a0\u00bb][vc_column][vc_column_text]<\/p>\n<p><img loading=\"lazy\" class=\"aligncenter wp-image-15234\" src=\"http:\/\/ergopolis.fr\/wp-content\/uploads\/2014\/03\/Sans-titre-1-1024x611.png\" alt=\"\" width=\"759\" height=\"453\" srcset=\"https:\/\/ergopolis.fr\/wp-content\/uploads\/2014\/03\/Sans-titre-1-1024x611.png 1024w, https:\/\/ergopolis.fr\/wp-content\/uploads\/2014\/03\/Sans-titre-1-300x179.png 300w, https:\/\/ergopolis.fr\/wp-content\/uploads\/2014\/03\/Sans-titre-1-768x458.png 768w, https:\/\/ergopolis.fr\/wp-content\/uploads\/2014\/03\/Sans-titre-1-700x418.png 700w\" sizes=\"(max-width: 759px) 100vw, 759px\" \/><\/p>\n<h4 style=\"text-align: justify; padding-left: 60px; padding-right: 60px;\"><\/h4>\n<p>&nbsp;<\/p>\n<h4 style=\"text-align: justify; padding-left: 60px; padding-right: 60px;\">Bas\u00e9e \u00e0 Albi au c\u0153ur de\u00a0la nouvelle r\u00e9gion Occitanie, Ergopolis est un cabinet sp\u00e9cialis\u00e9 dans l&rsquo;analyse et l&rsquo;am\u00e9lioration des situations de travail\u00a0par l&rsquo;approche ergonomique. L\u2019ergonomie est l&rsquo;\u00e9tude scientifique de la relation entre l&rsquo;Homme et son environnement de travail. Cette discipline\u00a0puise son savoir dans les diverses sciences ayant trait au comportement humain (physiologie, psychologie, m\u00e9decine, sociologie, linguistique, anthropologie, \u00e9conomie, management, ainsi que les sciences de l&rsquo;ing\u00e9nieur) pour les mettre au service de l&rsquo;entreprise et des op\u00e9rateurs. Elle vise simultan\u00e9ment la sant\u00e9 de l&rsquo;humain et l\u2019efficacit\u00e9 globale et p\u00e9renne des organisations.<\/h4>\n<h2 style=\"text-align: center;\"><\/h2>\n<p>&nbsp;<\/p>\n<h3 style=\"padding-left: 60px; padding-right: 60px;\">D\u00e9couvrez nos prestations, s&rsquo;articulant autour de 3 axes:<\/h3>\n<p>&nbsp;<\/p>\n<p>&nbsp;<\/p>\n<h2 style=\"text-align: center;\"><a href=\"http:\/\/ergopolis.fr\/index.php\/conseil\/\"><img loading=\"lazy\" class=\"alignnone wp-image-15218\" src=\"http:\/\/ergopolis.fr\/wp-content\/uploads\/2014\/03\/helloquence-61189-300x200.jpg\" alt=\"\" width=\"350\" height=\"233\" srcset=\"https:\/\/ergopolis.fr\/wp-content\/uploads\/2014\/03\/helloquence-61189-300x200.jpg 300w, https:\/\/ergopolis.fr\/wp-content\/uploads\/2014\/03\/helloquence-61189-768x513.jpg 768w, https:\/\/ergopolis.fr\/wp-content\/uploads\/2014\/03\/helloquence-61189-1024x683.jpg 1024w, https:\/\/ergopolis.fr\/wp-content\/uploads\/2014\/03\/helloquence-61189-700x467.jpg 700w\" sizes=\"(max-width: 350px) 100vw, 350px\" \/><\/a>\u00a0\u00a0<a href=\"http:\/\/ergopolis.fr\/index.php\/recrutement\/\"><img loading=\"lazy\" class=\"alignnone wp-image-15221\" src=\"http:\/\/ergopolis.fr\/wp-content\/uploads\/2014\/03\/alejandro-escamilla-2-1-300x201.jpg\" alt=\"\" width=\"350\" height=\"234\" srcset=\"https:\/\/ergopolis.fr\/wp-content\/uploads\/2014\/03\/alejandro-escamilla-2-1-300x201.jpg 300w, https:\/\/ergopolis.fr\/wp-content\/uploads\/2014\/03\/alejandro-escamilla-2-1-768x515.jpg 768w, https:\/\/ergopolis.fr\/wp-content\/uploads\/2014\/03\/alejandro-escamilla-2-1-1024x686.jpg 1024w, https:\/\/ergopolis.fr\/wp-content\/uploads\/2014\/03\/alejandro-escamilla-2-1-700x469.jpg 700w\" sizes=\"(max-width: 350px) 100vw, 350px\" \/><\/a>\u00a0\u00a0<a href=\"http:\/\/ergopolis.fr\/index.php\/recherche\/\"><img loading=\"lazy\" class=\"alignnone wp-image-15219\" src=\"http:\/\/ergopolis.fr\/wp-content\/uploads\/2014\/03\/ramon-salinero-271002-300x200.jpg\" alt=\"\" width=\"350\" height=\"233\" srcset=\"https:\/\/ergopolis.fr\/wp-content\/uploads\/2014\/03\/ramon-salinero-271002-300x200.jpg 300w, https:\/\/ergopolis.fr\/wp-content\/uploads\/2014\/03\/ramon-salinero-271002-768x512.jpg 768w, https:\/\/ergopolis.fr\/wp-content\/uploads\/2014\/03\/ramon-salinero-271002-1024x683.jpg 1024w, https:\/\/ergopolis.fr\/wp-content\/uploads\/2014\/03\/ramon-salinero-271002-700x467.jpg 700w\" sizes=\"(max-width: 350px) 100vw, 350px\" \/><\/a><\/h2>\n<p>&nbsp;<\/p>\n<p>&nbsp;<\/p>\n<h2 style=\"text-align: center;\"><span style=\"color: #3250d9;\">Zoom sur:<\/span><\/h2>\n<p><a href=\"http:\/\/ergopolis.fr\/index.php\/2020\/02\/21\/puissance4\/\"><img loading=\"lazy\" class=\"aligncenter wp-image-15348\" src=\"http:\/\/ergopolis.fr\/wp-content\/uploads\/2014\/03\/Puissance-4-1.png\" alt=\"\" width=\"498\" height=\"156\" srcset=\"https:\/\/ergopolis.fr\/wp-content\/uploads\/2014\/03\/Puissance-4-1.png 757w, https:\/\/ergopolis.fr\/wp-content\/uploads\/2014\/03\/Puissance-4-1-300x94.png 300w, https:\/\/ergopolis.fr\/wp-content\/uploads\/2014\/03\/Puissance-4-1-700x219.png 700w\" sizes=\"(max-width: 498px) 100vw, 498px\" \/><\/a><\/p>\n<p><a href=\"http:\/\/ergopolis.fr\/index.php\/2016\/12\/01\/document-unique\/\"><img loading=\"lazy\" class=\"wp-image-15246 aligncenter\" src=\"http:\/\/ergopolis.fr\/wp-content\/uploads\/2014\/03\/DU-2.png\" alt=\"\" width=\"499\" height=\"180\" srcset=\"https:\/\/ergopolis.fr\/wp-content\/uploads\/2014\/03\/DU-2.png 837w, https:\/\/ergopolis.fr\/wp-content\/uploads\/2014\/03\/DU-2-300x108.png 300w, https:\/\/ergopolis.fr\/wp-content\/uploads\/2014\/03\/DU-2-768x277.png 768w, https:\/\/ergopolis.fr\/wp-content\/uploads\/2014\/03\/DU-2-700x253.png 700w\" sizes=\"(max-width: 499px) 100vw, 499px\" \/><\/a><\/p>\n<p><a href=\"http:\/\/ergopolis.fr\/index.php\/2017\/08\/31\/le-recrutement-une-action-organisationnelle-et-si-nous-tentions-cette-aventure-ensemble\/\"><img loading=\"lazy\" class=\" wp-image-15247 aligncenter\" src=\"http:\/\/ergopolis.fr\/wp-content\/uploads\/2014\/03\/recutement.png\" alt=\"\" width=\"497\" height=\"184\" srcset=\"https:\/\/ergopolis.fr\/wp-content\/uploads\/2014\/03\/recutement.png 712w, https:\/\/ergopolis.fr\/wp-content\/uploads\/2014\/03\/recutement-300x111.png 300w, https:\/\/ergopolis.fr\/wp-content\/uploads\/2014\/03\/recutement-700x260.png 700w\" sizes=\"(max-width: 497px) 100vw, 497px\" \/><\/a><\/p>\n","protected":false},"excerpt":{"rendered":"<p>[vc_row row_type=\u00a0\u00bbrow\u00a0\u00bb use_row_as_full_screen_section=\u00a0\u00bbno\u00a0\u00bb type=\u00a0\u00bbgrid\u00a0\u00bb angled_section=\u00a0\u00bbno\u00a0\u00bb text_align=\u00a0\u00bbleft\u00a0\u00bb background_image_as_pattern=\u00a0\u00bbwithout_pattern\u00a0\u00bb background_color=\u00a0\u00bb#ffffff\u00a0\u00bb padding_top=\u00a0\u00bb40&Prime; padding_bottom=\u00a0\u00bb20&Prime; css_animation=\u00a0\u00bb\u00a0\u00bb][vc_column][vc_column_text] Bienvenue \u00e0 &nbsp; [\/vc_column_text][vc_separator type=\u00a0\u00bbsmall\u00a0\u00bb position=\u00a0\u00bbcenter\u00a0\u00bb up=\u00a0\u00bb7&Prime; down=\u00a0\u00bb20&Prime;][vc_column_text] Optimisation des organisations de travail Pr\u00e9vention des risques professionnels Valorisation des Ressources Humaines &nbsp; [\/vc_column_text][vc_separator type=\u00a0\u00bbtransparent\u00a0\u00bb up=\u00a0\u00bb35&Prime; down=\u00a0\u00bb22&Prime;][vc_single_image image=\u00a0\u00bb14351&Prime; img_size=\u00a0\u00bbfull\u00a0\u00bb alignment=\u00a0\u00bbcenter\u00a0\u00bb qode_css_animation=\u00a0\u00bbelement_from_bottom\u00a0\u00bb transition_delay=\u00a0\u00bb0.3&Prime;][vc_separator type=\u00a0\u00bbtransparent\u00a0\u00bb up=\u00a0\u00bb-35&Prime; down=\u00a0\u00bb0&Prime;][\/vc_column][\/vc_row][vc_row&#8230;<\/p>\n","protected":false},"author":1,"featured_media":0,"parent":0,"menu_order":0,"comment_status":"open","ping_status":"open","template":"full_width.php","meta":[],"_links":{"self":[{"href":"https:\/\/ergopolis.fr\/index.php\/wp-json\/wp\/v2\/pages\/14468"}],"collection":[{"href":"https:\/\/ergopolis.fr\/index.php\/wp-json\/wp\/v2\/pages"}],"about":[{"href":"https:\/\/ergopolis.fr\/index.php\/wp-json\/wp\/v2\/types\/page"}],"author":[{"embeddable":true,"href":"https:\/\/ergopolis.fr\/index.php\/wp-json\/wp\/v2\/users\/1"}],"replies":[{"embeddable":true,"href":"https:\/\/ergopolis.fr\/index.php\/wp-json\/wp\/v2\/comments?post=14468"}],"version-history":[{"count":118,"href":"https:\/\/ergopolis.fr\/index.php\/wp-json\/wp\/v2\/pages\/14468\/revisions"}],"predecessor-version":[{"id":15361,"href":"https:\/\/ergopolis.fr\/index.php\/wp-json\/wp\/v2\/pages\/14468\/revisions\/15361"}],"wp:attachment":[{"href":"https:\/\/ergopolis.fr\/index.php\/wp-json\/wp\/v2\/media?parent=14468"}],"curies":[{"name":"wp","href":"https:\/\/api.w.org\/{rel}","templated":true}]}}