{"id":14567,"date":"2014-03-28T16:37:34","date_gmt":"2014-03-28T16:37:34","guid":{"rendered":"http:\/\/demo.qodeinteractive.com\/bridge\/?page_id=14567"},"modified":"2017-11-16T16:12:47","modified_gmt":"2017-11-16T15:12:47","slug":"recherche","status":"publish","type":"page","link":"https:\/\/ergopolis.fr\/index.php\/recherche\/","title":{"rendered":"Recherche"},"content":{"rendered":"<p>[vc_row row_type=\u00a0\u00bbrow\u00a0\u00bb type=\u00a0\u00bbgrid\u00a0\u00bb text_align=\u00a0\u00bbleft\u00a0\u00bb padding_top=\u00a0\u00bb27&Prime; background_color=\u00a0\u00bb#ffffff\u00a0\u00bb padding_bottom=\u00a0\u00bb35&Prime;][vc_column width=\u00a0\u00bb1\/1&Prime;][vc_column_text]<\/p>\n<h2 style=\"text-align: center;\">Avec vous, jusqu&rsquo;au bout de vos questionnements &#8230;<\/h2>\n<p>[\/vc_column_text][vc_separator type=\u00a0\u00bbsmall\u00a0\u00bb position=\u00a0\u00bbcenter\u00a0\u00bb down=\u00a0\u00bb38&Prime; up=\u00a0\u00bb7&Prime;][vc_column_text]<\/p>\n<h4 style=\"text-align: justify;\"><img loading=\"lazy\" class=\"aligncenter size-medium wp-image-15080\" src=\"http:\/\/ergopolis.fr\/wp-content\/uploads\/2014\/03\/photo-recherche-300x212.jpeg\" alt=\"photo-recherche\" width=\"300\" height=\"212\" srcset=\"https:\/\/ergopolis.fr\/wp-content\/uploads\/2014\/03\/photo-recherche-300x212.jpeg 300w, https:\/\/ergopolis.fr\/wp-content\/uploads\/2014\/03\/photo-recherche-768x542.jpeg 768w, https:\/\/ergopolis.fr\/wp-content\/uploads\/2014\/03\/photo-recherche.jpeg 1024w, https:\/\/ergopolis.fr\/wp-content\/uploads\/2014\/03\/photo-recherche-700x494.jpeg 700w\" sizes=\"(max-width: 300px) 100vw, 300px\" \/><\/h4>\n<h4 style=\"text-align: justify;\"><\/h4>\n<p><strong>[\/vc_column_text][\/vc_column][\/vc_row][vc_row row_type=\u00a0\u00bbrow\u00a0\u00bb type=\u00a0\u00bbgrid\u00a0\u00bb text_align=\u00a0\u00bbleft\u00a0\u00bb padding_top=\u00a0\u00bb27&Prime; padding_bottom=\u00a0\u00bb27&Prime;][vc_column width=\u00a0\u00bb1\/1&Prime;][vc_column_text]<\/strong><\/p>\n<h4 style=\"text-align: justify; padding-left: 60px; padding-right: 60px;\">Nous collaborons fr\u00e9quemment avec des organismes de recherche, sur des projets visant \u00e0 am\u00e9liorer \u00e0 long terme le confort et la performance humaine au travail.<br \/>\nConstruire des outils de pr\u00e9vention, analyser les strat\u00e9gies humaines dans les activit\u00e9s de planification et de gestion de l\u2019incertitude ou encore la conception de logiciels d\u2019aide \u00e0 la prise de d\u00e9cision font notamment partie des th\u00e9matiques qui sont au c\u0153ur de nos pr\u00e9occupations scientifiques.<br \/>\nNous mettons \u00e9galement ces comp\u00e9tences scientifiques au service des entreprises, dans le cadre par exemple, de projets de d\u00e9veloppement d\u2019un nouveau produit ou service. Notre accompagnement s&rsquo;\u00e9tend de la phase de pr\u00e9conception (analyse des besoins, d\u00e9finition du profil type de futurs utilisateurs, etc.) jusqu\u2019\u00e0 la phase d\u2019implantation (tests aupr\u00e8s des utilisateurs, etc.).<\/h4>\n<h4 style=\"text-align: justify; padding-left: 60px; padding-right: 60px;\"><\/h4>\n<h4 style=\"text-align: justify; padding-left: 60px; padding-right: 60px;\"><em>Quelques organismes de recherche partenaires:<\/em><\/h4>\n<p><a href=\"http:\/\/www.univ-jfc.fr\/\" target=\"_blank\" rel=\"noopener noreferrer\"><img loading=\"lazy\" class=\"aligncenter wp-image-15094\" src=\"http:\/\/ergopolis.fr\/wp-content\/uploads\/2014\/03\/images-300x128.png\" alt=\"images\" width=\"150\" height=\"64\" srcset=\"https:\/\/ergopolis.fr\/wp-content\/uploads\/2014\/03\/images-300x128.png 300w, https:\/\/ergopolis.fr\/wp-content\/uploads\/2014\/03\/images.png 344w\" sizes=\"(max-width: 150px) 100vw, 150px\" \/><\/a><a href=\"http:\/\/www.inrs.fr\/\" target=\"_blank\" rel=\"noopener noreferrer\"><img loading=\"lazy\" class=\"aligncenter wp-image-15093\" src=\"http:\/\/ergopolis.fr\/wp-content\/uploads\/2014\/03\/Logo-INRS-300x125.jpeg\" alt=\"logo-inrs\" width=\"150\" height=\"62\" srcset=\"https:\/\/ergopolis.fr\/wp-content\/uploads\/2014\/03\/Logo-INRS-300x125.jpeg 300w, https:\/\/ergopolis.fr\/wp-content\/uploads\/2014\/03\/Logo-INRS-700x291.jpeg 700w, https:\/\/ergopolis.fr\/wp-content\/uploads\/2014\/03\/Logo-INRS.jpeg 709w\" sizes=\"(max-width: 150px) 100vw, 150px\" \/><\/a><a href=\"http:\/\/www.mines-albi.fr\/\" target=\"_blank\" rel=\"noopener noreferrer\"><img loading=\"lazy\" class=\"aligncenter wp-image-15092\" src=\"http:\/\/ergopolis.fr\/wp-content\/uploads\/2014\/03\/Logo_Mines_Albi-Carmaux.svg_.png\" alt=\"logo_mines_albi-carmaux-svg\" width=\"116\" height=\"97\" \/><\/a><\/p>\n<p>[\/vc_column_text][vc_separator type=\u00a0\u00bbnormal\u00a0\u00bb][\/vc_column][\/vc_row][vc_row row_type=\u00a0\u00bbrow\u00a0\u00bb use_row_as_full_screen_section=\u00a0\u00bbno\u00a0\u00bb type=\u00a0\u00bbfull_width\u00a0\u00bb angled_section=\u00a0\u00bbno\u00a0\u00bb text_align=\u00a0\u00bbleft\u00a0\u00bb background_image_as_pattern=\u00a0\u00bbwithout_pattern\u00a0\u00bb css_animation=\u00a0\u00bb\u00a0\u00bb][vc_column]<div class=\"call_to_action normal\" style=\"background-color: #c0c0c0;\"><div class=\"container_inner\"><div class=\"two_columns_75_25 clearfix\"><div class=\"text_wrapper column1\"><div class=\"call_to_action_text\" style=\"\"><\/p>\n<h3><span style=\"color: #ffffff;\">Un projet de recherche? Besoin d&rsquo;accompagnement pour mener une \u00e9tude au sein de votre entreprise?&#8230;<\/span><\/h3>\n<p><\/div><\/div><div class=\"button_wrapper column2\"><a href=\"http:\/\/ergopolis.fr\/index.php\/contact\/#contact ergopolis\" class=\"qbutton white \" target=\"_self\" style=\"color: #ffffff;border-color: #ffffff;\"data-hover-background-color=#ffffff data-hover-border-color=#ffffff data-hover-color=#a2a2a2>Contactez-nous<\/a><\/div><\/div><\/div><\/div>[\/vc_column][\/vc_row]<\/p>\n<h4 style=\"text-align: left; padding-left: 30px;\"><\/h4>\n","protected":false},"excerpt":{"rendered":"<p>[vc_row row_type=\u00a0\u00bbrow\u00a0\u00bb type=\u00a0\u00bbgrid\u00a0\u00bb text_align=\u00a0\u00bbleft\u00a0\u00bb padding_top=\u00a0\u00bb27&Prime; background_color=\u00a0\u00bb#ffffff\u00a0\u00bb padding_bottom=\u00a0\u00bb35&Prime;][vc_column width=\u00a0\u00bb1\/1&Prime;][vc_column_text] Avec vous, jusqu&rsquo;au bout de vos questionnements &#8230; [\/vc_column_text][vc_separator type=\u00a0\u00bbsmall\u00a0\u00bb position=\u00a0\u00bbcenter\u00a0\u00bb down=\u00a0\u00bb38&Prime; up=\u00a0\u00bb7&Prime;][vc_column_text] [\/vc_column_text][\/vc_column][\/vc_row][vc_row row_type=\u00a0\u00bbrow\u00a0\u00bb type=\u00a0\u00bbgrid\u00a0\u00bb text_align=\u00a0\u00bbleft\u00a0\u00bb padding_top=\u00a0\u00bb27&Prime; padding_bottom=\u00a0\u00bb27&Prime;][vc_column width=\u00a0\u00bb1\/1&Prime;][vc_column_text] Nous collaborons fr\u00e9quemment avec des organismes de recherche, sur des projets visant \u00e0 am\u00e9liorer \u00e0 long terme&#8230;<\/p>\n","protected":false},"author":1,"featured_media":0,"parent":0,"menu_order":0,"comment_status":"open","ping_status":"open","template":"full_width.php","meta":[],"_links":{"self":[{"href":"https:\/\/ergopolis.fr\/index.php\/wp-json\/wp\/v2\/pages\/14567"}],"collection":[{"href":"https:\/\/ergopolis.fr\/index.php\/wp-json\/wp\/v2\/pages"}],"about":[{"href":"https:\/\/ergopolis.fr\/index.php\/wp-json\/wp\/v2\/types\/page"}],"author":[{"embeddable":true,"href":"https:\/\/ergopolis.fr\/index.php\/wp-json\/wp\/v2\/users\/1"}],"replies":[{"embeddable":true,"href":"https:\/\/ergopolis.fr\/index.php\/wp-json\/wp\/v2\/comments?post=14567"}],"version-history":[{"count":22,"href":"https:\/\/ergopolis.fr\/index.php\/wp-json\/wp\/v2\/pages\/14567\/revisions"}],"predecessor-version":[{"id":15229,"href":"https:\/\/ergopolis.fr\/index.php\/wp-json\/wp\/v2\/pages\/14567\/revisions\/15229"}],"wp:attachment":[{"href":"https:\/\/ergopolis.fr\/index.php\/wp-json\/wp\/v2\/media?parent=14567"}],"curies":[{"name":"wp","href":"https:\/\/api.w.org\/{rel}","templated":true}]}}